{"id":64,"date":"2023-01-06T16:40:41","date_gmt":"2023-01-06T16:40:41","guid":{"rendered":"https:\/\/www.verbalredaktion.de\/?page_id=64"},"modified":"2023-01-24T13:51:36","modified_gmt":"2023-01-24T13:51:36","slug":"kontakt","status":"publish","type":"page","link":"https:\/\/www.verbalredaktion.de\/?page_id=64","title":{"rendered":"Kontakt"},"content":{"rendered":"\n<p><strong>Wie funktioniert die Arbeit mit verbal redaktion+text?<\/strong><\/p>\n\n\n\n<p>Wir k\u00f6nnen f\u00fcr Sie &#8230;<br>\u2026 Pressemitteilungen schreiben.<br>\u2026 Web-Inhalte redaktionell bearbeiten.<br>\u2026 Brosch\u00fcren texten und durch unsere Grafikkollegin gestalten lassen.<br>\u2026 Artikel und Beitr\u00e4ge f\u00fcr Corporate Medien texten.<\/p>\n\n\n\n<p>Sie wollen irgendwie mehr Werbung machen, wissen aber noch nicht wie?<br>Wir erarbeiten f\u00fcr Sie ein Konzept, aus dem hervorgeht, welche Medien f\u00fcr Sie am besten geeignet sind, um Ihre Produkte zu vermarkten. Dazu geh\u00f6rt ein gemeinsamer Blick auf Ihre Zielgruppe und selbstverst\u00e4ndlich auch auf Ihr Budget. Vielleicht gibt es f\u00fcr Sie Medien und Kan\u00e4le, an die Sie noch nicht gedacht haben.<\/p>\n\n\n\n<p>Gerne werfen wir einen professionellen Blick auf das, was Sie schon an gedruckten Materialien und Texten haben. Und Ihre Webseiten nehmen wir auch unter die Lupe.<br>Sind Sie mit unseren neuen Ideen zufrieden, kann es losgehen, und wir setzen alles f\u00fcr Sie um.<\/p>\n\n\n\n<p>Mein B\u00fcro liegt in der Bochumer Innenstadt. Schreiben Sie mir einfach eine Mail oder eine Whatsapp:<\/p>\n\n\n\n<p><a href=\"mailto:vb@verbalredaktion.de\">vb@verbalredaktion.de<\/a><\/p>\n\n\n\n<p>0163.3631475<\/p>\n","protected":false},"excerpt":{"rendered":"<p>Wie funktioniert die Arbeit mit verbal redaktion+text? Wir k\u00f6nnen f\u00fcr Sie &#8230;\u2026 Pressemitteilungen schreiben.\u2026 Web-Inhalte redaktionell bearbeiten.\u2026 Brosch\u00fcren texten und durch unsere Grafikkollegin gestalten lassen.\u2026 Artikel und Beitr\u00e4ge f\u00fcr Corporate Medien texten. Sie wollen irgendwie mehr Werbung machen, wissen aber noch nicht wie?Wir erarbeiten f\u00fcr Sie ein Konzept, aus dem hervorgeht, welche Medien f\u00fcr Sie [&hellip;]<\/p>\n","protected":false},"author":1,"featured_media":0,"parent":0,"menu_order":0,"comment_status":"closed","ping_status":"closed","template":"","meta":{"footnotes":""},"class_list":["post-64","page","type-page","status-publish","hentry"],"_links":{"self":[{"href":"https:\/\/www.verbalredaktion.de\/index.php?rest_route=\/wp\/v2\/pages\/64","targetHints":{"allow":["GET"]}}],"collection":[{"href":"https:\/\/www.verbalredaktion.de\/index.php?rest_route=\/wp\/v2\/pages"}],"about":[{"href":"https:\/\/www.verbalredaktion.de\/index.php?rest_route=\/wp\/v2\/types\/page"}],"author":[{"embeddable":true,"href":"https:\/\/www.verbalredaktion.de\/index.php?rest_route=\/wp\/v2\/users\/1"}],"replies":[{"embeddable":true,"href":"https:\/\/www.verbalredaktion.de\/index.php?rest_route=%2Fwp%2Fv2%2Fcomments&post=64"}],"version-history":[{"count":5,"href":"https:\/\/www.verbalredaktion.de\/index.php?rest_route=\/wp\/v2\/pages\/64\/revisions"}],"predecessor-version":[{"id":227,"href":"https:\/\/www.verbalredaktion.de\/index.php?rest_route=\/wp\/v2\/pages\/64\/revisions\/227"}],"wp:attachment":[{"href":"https:\/\/www.verbalredaktion.de\/index.php?rest_route=%2Fwp%2Fv2%2Fmedia&parent=64"}],"curies":[{"name":"wp","href":"https:\/\/api.w.org\/{rel}","templated":true}]}}