{"id":25,"date":"2023-01-05T16:11:18","date_gmt":"2023-01-05T16:11:18","guid":{"rendered":"https:\/\/www.verbalredaktion.de\/?page_id=25"},"modified":"2023-01-18T11:10:30","modified_gmt":"2023-01-18T11:10:30","slug":"pr-pressearbeit","status":"publish","type":"page","link":"https:\/\/www.verbalredaktion.de\/?page_id=25","title":{"rendered":"PR &#038; Pressearbeit"},"content":{"rendered":"\n<p><strong>Zu wenig Zeit f\u00fcr Presse- und PR-Arbeit?<\/strong><\/p>\n\n\n\n<p>F\u00fcr eine wirkungsvolle Pressemeldung oder einen guten PR-Artikel braucht es manchmal Mu\u00dfe und immer eine z\u00fcndende Idee. <br>Mit journalistischem R\u00fcstzeug und einem Blick von au\u00dfen auf Ihr Unternehmen und Ihre Produkte, f\u00e4llt es mir leicht, Ihnen Presse- und PR-Arbeit abzunehmen.<br>Ich schreibe f\u00fcr meine Kund:innen PR-Artikel f\u00fcr Fachmagazine oder Pressemitteilungen. \u00d6ffentlichkeitsarbeit macht Ihre Ziele sichtbarer.<\/p>\n\n\n\n<p>Wenn Ihnen daf\u00fcr die Zeit fehlt, k\u00f6nnen Sie mir Ihre Pressearbeit \u00fcberlassen. Und Sie k\u00f6nnen sich auf das konzentrieren, was f\u00fcr Sie wesentlich ist.<\/p>\n\n\n\n<div class=\"wp-block-buttons is-content-justification-left is-layout-flex wp-container-core-buttons-is-layout-fc4fd283 wp-block-buttons-is-layout-flex\">\n<div class=\"wp-block-button is-style-fill has-agfarotissansserif-font-family\"><a class=\"wp-block-button__link has-ti-bg-alt-color has-text-color has-background wp-element-button\" href=\"https:\/\/www.verbalredaktion.de\/?page_id=64\" style=\"background-color:#780f00\">Kontakt<\/a><\/div>\n<\/div>\n","protected":false},"excerpt":{"rendered":"<p>Zu wenig Zeit f\u00fcr Presse- und PR-Arbeit? F\u00fcr eine wirkungsvolle Pressemeldung oder einen guten PR-Artikel braucht es manchmal Mu\u00dfe und immer eine z\u00fcndende Idee. Mit journalistischem R\u00fcstzeug und einem Blick von au\u00dfen auf Ihr Unternehmen und Ihre Produkte, f\u00e4llt es mir leicht, Ihnen Presse- und PR-Arbeit abzunehmen.Ich schreibe f\u00fcr meine Kund:innen PR-Artikel f\u00fcr Fachmagazine oder [&hellip;]<\/p>\n","protected":false},"author":1,"featured_media":0,"parent":0,"menu_order":0,"comment_status":"closed","ping_status":"closed","template":"","meta":{"footnotes":""},"class_list":["post-25","page","type-page","status-publish","hentry"],"_links":{"self":[{"href":"https:\/\/www.verbalredaktion.de\/index.php?rest_route=\/wp\/v2\/pages\/25","targetHints":{"allow":["GET"]}}],"collection":[{"href":"https:\/\/www.verbalredaktion.de\/index.php?rest_route=\/wp\/v2\/pages"}],"about":[{"href":"https:\/\/www.verbalredaktion.de\/index.php?rest_route=\/wp\/v2\/types\/page"}],"author":[{"embeddable":true,"href":"https:\/\/www.verbalredaktion.de\/index.php?rest_route=\/wp\/v2\/users\/1"}],"replies":[{"embeddable":true,"href":"https:\/\/www.verbalredaktion.de\/index.php?rest_route=%2Fwp%2Fv2%2Fcomments&post=25"}],"version-history":[{"count":4,"href":"https:\/\/www.verbalredaktion.de\/index.php?rest_route=\/wp\/v2\/pages\/25\/revisions"}],"predecessor-version":[{"id":167,"href":"https:\/\/www.verbalredaktion.de\/index.php?rest_route=\/wp\/v2\/pages\/25\/revisions\/167"}],"wp:attachment":[{"href":"https:\/\/www.verbalredaktion.de\/index.php?rest_route=%2Fwp%2Fv2%2Fmedia&parent=25"}],"curies":[{"name":"wp","href":"https:\/\/api.w.org\/{rel}","templated":true}]}}